{"id":14,"date":"2024-11-07T23:09:17","date_gmt":"2024-11-07T23:09:17","guid":{"rendered":"https:\/\/drkoraygursoy.com\/?page_id=14"},"modified":"2025-02-03T11:56:59","modified_gmt":"2025-02-03T11:56:59","slug":"hakkimda","status":"publish","type":"page","link":"https:\/\/drkoraygursoy.com\/ru\/hakkimda\/","title":{"rendered":"\u041e\u0431\u043e \u043c\u043d\u0435"},"content":{"rendered":"<div data-elementor-type=\"wp-page\" data-elementor-id=\"14\" class=\"elementor elementor-14\" data-elementor-post-type=\"page\">\n\t\t\t\t<div class=\"elementor-element elementor-element-90e4555 e-flex e-con-boxed e-con e-child\" data-id=\"90e4555\" data-element_type=\"container\" data-settings=\"{&quot;background_background&quot;:&quot;classic&quot;}\">\n\t\t\t\t\t<div class=\"e-con-inner\">\n\t\t<div class=\"elementor-element elementor-element-d4d3af8 e-flex e-con-boxed e-con e-child\" data-id=\"d4d3af8\" data-element_type=\"container\">\n\t\t\t\t\t<div class=\"e-con-inner\">\n\t\t\t\t<div class=\"elementor-element elementor-element-92ddd9a elementor-widget elementor-widget-heading\" data-id=\"92ddd9a\" data-element_type=\"widget\" data-widget_type=\"heading.default\">\n\t\t\t\t<div class=\"elementor-widget-container\">\n\t\t\t\t\t<h1 class=\"elementor-heading-title elementor-size-default\">\u041e\u0431\u043e \u043c\u043d\u0435<\/h1>\t\t\t\t<\/div>\n\t\t\t\t<\/div>\n\t\t\t\t\t<\/div>\n\t\t\t\t<\/div>\n\t\t\t\t\t<\/div>\n\t\t\t\t<\/div>\n\t\t<div class=\"elementor-element elementor-element-f8633 e-flex e-con-boxed e-con e-parent\" data-id=\"f8633\" data-element_type=\"container\" data-settings=\"{&quot;background_background&quot;:&quot;classic&quot;}\">\n\t\t\t\t\t<div class=\"e-con-inner\">\n\t\t<div class=\"elementor-element elementor-element-f7642f0 e-con-full e-flex e-con e-child\" data-id=\"f7642f0\" data-element_type=\"container\">\n\t\t\t\t<div class=\"elementor-element elementor-element-26253ce0 elementor-widget elementor-widget-heading\" data-id=\"26253ce0\" data-element_type=\"widget\" data-widget_type=\"heading.default\">\n\t\t\t\t<div class=\"elementor-widget-container\">\n\t\t\t\t\t<h2 class=\"elementor-heading-title elementor-size-default\">\u0414\u043e\u0446\u0435\u043d\u0442. \u0414\u043e\u043a\u0442\u043e\u0440. \u041a\u0442\u043e \u0442\u0430\u043a\u043e\u0439 \u041a\u043e\u0440\u0430\u0439 \u0413\u044e\u0440\u0441\u043e\u0439?<\/h2>\t\t\t\t<\/div>\n\t\t\t\t<\/div>\n\t\t\t\t<div class=\"elementor-element elementor-element-b1a2a82 elementor-widget elementor-widget-text-editor\" data-id=\"b1a2a82\" data-element_type=\"widget\" data-widget_type=\"text-editor.default\">\n\t\t\t\t<div class=\"elementor-widget-container\">\n\t\t\t\t\t\t\t\t\t<p>\u042f \u0440\u043e\u0434\u0438\u043b\u0441\u044f \u0432 1978 \u0433\u043e\u0434\u0443, \u043e\u043a\u043e\u043d\u0447\u0438\u043b \u0443\u043d\u0438\u0432\u0435\u0440\u0441\u0438\u0442\u0435\u0442 \u0425\u0430\u0434\u0436\u0435\u0442\u0442\u0435\u043f\u0435 \u0432 2003 \u0433\u043e\u0434\u0443. \u0421 2004 \u043f\u043e 2010 \u0433\u043e\u0434 \u044f \u043f\u0440\u043e\u0448\u0435\u043b \u0441\u0442\u0430\u0436\u0438\u0440\u043e\u0432\u043a\u0443 \u0432 \u043e\u0431\u043b\u0430\u0441\u0442\u0438 \u043f\u043b\u0430\u0441\u0442\u0438\u0447\u0435\u0441\u043a\u043e\u0439, \u0440\u0435\u043a\u043e\u043d\u0441\u0442\u0440\u0443\u043a\u0442\u0438\u0432\u043d\u043e\u0439 \u0438 \u044d\u0441\u0442\u0435\u0442\u0438\u0447\u0435\u0441\u043a\u043e\u0439 \u0445\u0438\u0440\u0443\u0440\u0433\u0438\u0438 \u0432 \u0423\u0447\u0435\u0431\u043d\u043e-\u0438\u0441\u0441\u043b\u0435\u0434\u043e\u0432\u0430\u0442\u0435\u043b\u044c\u0441\u043a\u043e\u0439 \u0431\u043e\u043b\u044c\u043d\u0438\u0446\u0435 \u0410\u043d\u043a\u0430\u0440\u044b \u0438 \u0441\u0442\u0430\u043b \u0441\u043f\u0435\u0446\u0438\u0430\u043b\u0438\u0441\u0442\u043e\u043c \u043f\u043e \u043f\u043b\u0430\u0441\u0442\u0438\u0447\u0435\u0441\u043a\u043e\u0439 \u0445\u0438\u0440\u0443\u0440\u0433\u0438\u0438. \u0412 2007 \u0433\u043e\u0434\u0443 \u044f \u043f\u043e\u043b\u0443\u0447\u0438\u043b \u043c\u0438\u043a\u0440\u043e\u0445\u0438\u0440\u0443\u0440\u0433\u0438\u0447\u0435\u0441\u043a\u043e\u0435 \u043e\u0431\u0440\u0430\u0437\u043e\u0432\u0430\u043d\u0438\u0435 \u0432 \u0426\u044e\u0440\u0438\u0445\u0441\u043a\u043e\u043c \u0443\u043d\u0438\u0432\u0435\u0440\u0441\u0438\u0442\u0435\u0442\u0435. \u0412 2015 \u0433\u043e\u0434\u0443 \u044f \u0441\u0442\u0430\u043b \u0433\u043b\u0430\u0432\u043d\u044b\u043c \u043e\u0440\u0434\u0438\u043d\u0430\u0442\u043e\u0440\u043e\u043c, \u0430 \u0432 2020 \u0433\u043e\u0434\u0443 - \u0434\u043e\u0446\u0435\u043d\u0442\u043e\u043c. \u0421 2022 \u0433\u043e\u0434\u0430 \u044f \u043e\u0431\u0441\u043b\u0443\u0436\u0438\u0432\u0430\u044e \u0441\u0432\u043e\u0438\u0445 \u043f\u0430\u0446\u0438\u0435\u043d\u0442\u043e\u0432 \u0432 \u0441\u043e\u0431\u0441\u0442\u0432\u0435\u043d\u043d\u043e\u0439 \u043a\u043b\u0438\u043d\u0438\u043a\u0435 \u0432 \u0410\u043d\u043a\u0430\u0440\u0435 \u0438 \u043f\u0440\u043e\u0434\u043e\u043b\u0436\u0430\u044e \u0441\u0432\u043e\u044e \u0430\u043a\u0430\u0434\u0435\u043c\u0438\u0447\u0435\u0441\u043a\u0443\u044e \u0436\u0438\u0437\u043d\u044c \u043d\u0430 \u043a\u0430\u0444\u0435\u0434\u0440\u0435 \u043f\u043b\u0430\u0441\u0442\u0438\u0447\u0435\u0441\u043a\u043e\u0439, \u0440\u0435\u043a\u043e\u043d\u0441\u0442\u0440\u0443\u043a\u0442\u0438\u0432\u043d\u043e\u0439 \u0438 \u044d\u0441\u0442\u0435\u0442\u0438\u0447\u0435\u0441\u043a\u043e\u0439 \u0445\u0438\u0440\u0443\u0440\u0433\u0438\u0438 \u041c\u0435\u0434\u0438\u0446\u0438\u043d\u0441\u043a\u043e\u0433\u043e \u0444\u0430\u043a\u0443\u043b\u044c\u0442\u0435\u0442\u0430 \u0423\u043d\u0438\u0432\u0435\u0440\u0441\u0438\u0442\u0435\u0442\u0430 \u042e\u043a\u0441 \u0421\u043f\u0435\u0446\u0438\u0430\u043b\u0438\u0437\u0430\u0441.<\/p><p>\u0412 \u043e\u0431\u043b\u0430\u0441\u0442\u0438 \u043f\u043b\u0430\u0441\u0442\u0438\u0447\u0435\u0441\u043a\u043e\u0439 \u0445\u0438\u0440\u0443\u0440\u0433\u0438\u0438 \u0443 \u043c\u0435\u043d\u044f \u0435\u0441\u0442\u044c \u0441\u0435\u0440\u0442\u0438\u0444\u0438\u043a\u0430\u0442 \u0434\u0432\u043e\u0439\u043d\u043e\u0439 \u043a\u0432\u0430\u043b\u0438\u0444\u0438\u043a\u0430\u0446\u0438\u0438 (EBOPRAS \u0434\u043b\u044f \u0435\u0432\u0440\u043e\u043f\u0435\u0439\u0441\u043a\u043e\u0433\u043e \u0440\u0435\u0433\u0438\u043e\u043d\u0430 \u0438 \u043a\u0432\u0430\u043b\u0438\u0444\u0438\u043a\u0430\u0446\u0438\u043e\u043d\u043d\u044b\u0439 \u0441\u0435\u0440\u0442\u0438\u0444\u0438\u043a\u0430\u0442 TPRECD \u0434\u043b\u044f \u0422\u0443\u0440\u0446\u0438\u0438). \u0412 \u043c\u043e\u0435\u0439 \u043e\u0431\u043b\u0430\u0441\u0442\u0438 \u0443 \u043c\u0435\u043d\u044f \u0431\u043e\u043b\u0435\u0435 70 \u043d\u0430\u0446\u0438\u043e\u043d\u0430\u043b\u044c\u043d\u044b\u0445 \u0438 \u043c\u0435\u0436\u0434\u0443\u043d\u0430\u0440\u043e\u0434\u043d\u044b\u0445 \u043d\u0430\u0443\u0447\u043d\u044b\u0445 \u0440\u0430\u0431\u043e\u0442, \u0431\u043e\u043b\u0435\u0435 200 \u043f\u0440\u0435\u0437\u0435\u043d\u0442\u0430\u0446\u0438\u0439 \u043d\u0430 \u041a\u043e\u043d\u0433\u0440\u0435\u0441\u0441\u0430\u0445 \u0438 \u043e\u043a\u043e\u043b\u043e 300 \u0446\u0438\u0442\u0438\u0440\u043e\u0432\u0430\u043d\u0438\u0439. \u0417\u0430 \u0441\u0432\u043e\u044e \u043f\u0440\u043e\u0444\u0435\u0441\u0441\u0438\u043e\u043d\u0430\u043b\u044c\u043d\u0443\u044e \u0436\u0438\u0437\u043d\u044c \u044f \u043f\u0440\u043e\u0432\u0435\u043b \u0431\u043e\u043b\u0435\u0435 20 000 \u0443\u0441\u043f\u0435\u0448\u043d\u044b\u0445 \u043e\u043f\u0435\u0440\u0430\u0446\u0438\u0439, \u0432 \u0442\u043e\u043c \u0447\u0438\u0441\u043b\u0435 \u0431\u043e\u043b\u0435\u0435 1000 \u0437\u0430 \u0433\u0440\u0430\u043d\u0438\u0446\u0435\u0439.<\/p>\t\t\t\t\t\t\t\t<\/div>\n\t\t\t\t<\/div>\n\t\t\t\t<div class=\"elementor-element elementor-element-b429dcc elementor-mobile-align-justify elementor-tablet-align-center elementor-widget elementor-widget-button\" data-id=\"b429dcc\" data-element_type=\"widget\" data-widget_type=\"button.default\">\n\t\t\t\t<div class=\"elementor-widget-container\">\n\t\t\t\t\t\t\t\t\t<div class=\"elementor-button-wrapper\">\n\t\t\t\t\t<a class=\"elementor-button elementor-button-link elementor-size-sm\" href=\"\/ru\/tedaviler\/\">\n\t\t\t\t\t\t<span class=\"elementor-button-content-wrapper\">\n\t\t\t\t\t\t<span class=\"elementor-button-icon\">\n\t\t\t\t<i aria-hidden=\"true\" class=\"icon icon-hospital-1\"><\/i>\t\t\t<\/span>\n\t\t\t\t\t\t\t\t\t<span class=\"elementor-button-text\">\u041d\u0430\u0448\u0438 \u043c\u0435\u0442\u043e\u0434\u044b \u043b\u0435\u0447\u0435\u043d\u0438\u044f<\/span>\n\t\t\t\t\t<\/span>\n\t\t\t\t\t<\/a>\n\t\t\t\t<\/div>\n\t\t\t\t\t\t\t\t<\/div>\n\t\t\t\t<\/div>\n\t\t\t\t<\/div>\n\t\t<div class=\"elementor-element elementor-element-4df7c9f0 e-con-full e-flex e-con e-child\" data-id=\"4df7c9f0\" data-element_type=\"container\">\n\t\t\t\t<div class=\"elementor-element elementor-element-7e54260 elementor-widget elementor-widget-image\" data-id=\"7e54260\" data-element_type=\"widget\" data-widget_type=\"image.default\">\n\t\t\t\t<div class=\"elementor-widget-container\">\n\t\t\t\t\t\t\t\t\t\t\t\t\t\t\t<img fetchpriority=\"high\" decoding=\"async\" width=\"908\" height=\"908\" src=\"https:\/\/drkoraygursoy.com\/wp-content\/uploads\/docent-doktor-koray-gursoy-galeri-19-1.jpg\" class=\"attachment-full size-full wp-image-732\" alt=\"\" srcset=\"https:\/\/drkoraygursoy.com\/wp-content\/uploads\/docent-doktor-koray-gursoy-galeri-19-1.jpg 908w, https:\/\/drkoraygursoy.com\/wp-content\/uploads\/docent-doktor-koray-gursoy-galeri-19-1-300x300.jpg 300w, https:\/\/drkoraygursoy.com\/wp-content\/uploads\/docent-doktor-koray-gursoy-galeri-19-1-150x150.jpg 150w, https:\/\/drkoraygursoy.com\/wp-content\/uploads\/docent-doktor-koray-gursoy-galeri-19-1-768x768.jpg 768w, https:\/\/drkoraygursoy.com\/wp-content\/uploads\/docent-doktor-koray-gursoy-galeri-19-1-12x12.jpg 12w\" sizes=\"(max-width: 908px) 100vw, 908px\" \/>\t\t\t\t\t\t\t\t\t\t\t\t\t\t\t<\/div>\n\t\t\t\t<\/div>\n\t\t\t\t<\/div>\n\t\t\t\t\t<\/div>\n\t\t\t\t<\/div>\n\t\t\t\t<\/div>","protected":false},"excerpt":{"rendered":"<p>Do\u00e7. Dr. Koray G\u00fcrsoy Kimdir? 1978 y\u0131l\u0131nda d\u00fcnyaya geldim, Hacettepe \u00fcniversitesinden 2003 y\u0131l\u0131nda mezun oldum. 2004- 2010 Y\u0131llar\u0131 aras\u0131nda Ankara E\u011fitim ve Ara\u015ft\u0131rma Hastanesinde Plastik, Rekonstr\u00fcktif ve Estetik cerrahi alan\u0131nda asistanl\u0131k e\u011fitimi ald\u0131m ve plastik cerrahi uzman\u0131 oldum. 2007 y\u0131l\u0131nda mikrocerrahi e\u011fitimini Z\u00fcrih \u00fcniversitesinden ald\u0131m. 2015 y\u0131l\u0131nda ba\u015fasistan, 2020 y\u0131l\u0131nda do\u00e7ent oldum. 2022 y\u0131l\u0131ndan itibaren [&hellip;]<\/p>","protected":false},"author":1,"featured_media":0,"parent":0,"menu_order":0,"comment_status":"closed","ping_status":"closed","template":"","meta":{"_acf_changed":false,"footnotes":""},"class_list":["post-14","page","type-page","status-publish","hentry"],"acf":[],"_links":{"self":[{"href":"https:\/\/drkoraygursoy.com\/ru\/wp-json\/wp\/v2\/pages\/14","targetHints":{"allow":["GET"]}}],"collection":[{"href":"https:\/\/drkoraygursoy.com\/ru\/wp-json\/wp\/v2\/pages"}],"about":[{"href":"https:\/\/drkoraygursoy.com\/ru\/wp-json\/wp\/v2\/types\/page"}],"author":[{"embeddable":true,"href":"https:\/\/drkoraygursoy.com\/ru\/wp-json\/wp\/v2\/users\/1"}],"replies":[{"embeddable":true,"href":"https:\/\/drkoraygursoy.com\/ru\/wp-json\/wp\/v2\/comments?post=14"}],"version-history":[{"count":4,"href":"https:\/\/drkoraygursoy.com\/ru\/wp-json\/wp\/v2\/pages\/14\/revisions"}],"predecessor-version":[{"id":735,"href":"https:\/\/drkoraygursoy.com\/ru\/wp-json\/wp\/v2\/pages\/14\/revisions\/735"}],"wp:attachment":[{"href":"https:\/\/drkoraygursoy.com\/ru\/wp-json\/wp\/v2\/media?parent=14"}],"curies":[{"name":"wp","href":"https:\/\/api.w.org\/{rel}","templated":true}]}}