{"id":14,"date":"2024-11-07T23:09:17","date_gmt":"2024-11-07T23:09:17","guid":{"rendered":"https:\/\/drkoraygursoy.com\/?page_id=14"},"modified":"2025-02-03T11:56:59","modified_gmt":"2025-02-03T11:56:59","slug":"hakkimda","status":"publish","type":"page","link":"https:\/\/drkoraygursoy.com\/de\/hakkimda\/","title":{"rendered":"\u00dcber"},"content":{"rendered":"<div data-elementor-type=\"wp-page\" data-elementor-id=\"14\" class=\"elementor elementor-14\" data-elementor-post-type=\"page\">\n\t\t\t\t<div class=\"elementor-element elementor-element-90e4555 e-flex e-con-boxed e-con e-child\" data-id=\"90e4555\" data-element_type=\"container\" data-settings=\"{&quot;background_background&quot;:&quot;classic&quot;}\">\n\t\t\t\t\t<div class=\"e-con-inner\">\n\t\t<div class=\"elementor-element elementor-element-d4d3af8 e-flex e-con-boxed e-con e-child\" data-id=\"d4d3af8\" data-element_type=\"container\">\n\t\t\t\t\t<div class=\"e-con-inner\">\n\t\t\t\t<div class=\"elementor-element elementor-element-92ddd9a elementor-widget elementor-widget-heading\" data-id=\"92ddd9a\" data-element_type=\"widget\" data-widget_type=\"heading.default\">\n\t\t\t\t<div class=\"elementor-widget-container\">\n\t\t\t\t\t<h1 class=\"elementor-heading-title elementor-size-default\">\u00dcber<\/h1>\t\t\t\t<\/div>\n\t\t\t\t<\/div>\n\t\t\t\t\t<\/div>\n\t\t\t\t<\/div>\n\t\t\t\t\t<\/div>\n\t\t\t\t<\/div>\n\t\t<div class=\"elementor-element elementor-element-f8633 e-flex e-con-boxed e-con e-parent\" data-id=\"f8633\" data-element_type=\"container\" data-settings=\"{&quot;background_background&quot;:&quot;classic&quot;}\">\n\t\t\t\t\t<div class=\"e-con-inner\">\n\t\t<div class=\"elementor-element elementor-element-f7642f0 e-con-full e-flex e-con e-child\" data-id=\"f7642f0\" data-element_type=\"container\">\n\t\t\t\t<div class=\"elementor-element elementor-element-26253ce0 elementor-widget elementor-widget-heading\" data-id=\"26253ce0\" data-element_type=\"widget\" data-widget_type=\"heading.default\">\n\t\t\t\t<div class=\"elementor-widget-container\">\n\t\t\t\t\t<h2 class=\"elementor-heading-title elementor-size-default\">Assoc. Dr. Koray G\u00fcrsoy Wer Ist Sie?<\/h2>\t\t\t\t<\/div>\n\t\t\t\t<\/div>\n\t\t\t\t<div class=\"elementor-element elementor-element-b1a2a82 elementor-widget elementor-widget-text-editor\" data-id=\"b1a2a82\" data-element_type=\"widget\" data-widget_type=\"text-editor.default\">\n\t\t\t\t<div class=\"elementor-widget-container\">\n\t\t\t\t\t\t\t\t\t<p>1978 geboren, absolvierte ich von der Hacettepe-Universit\u00e4t im Jahr 2003. Von 2004 bis 2010, Ankara training and Research Hospital, Plastische, Rekonstruktive und \u00c4sthetische Chirurgie und erhielt seine Facharztausbildung im Bereich Plastische Chirurgie-Spezialisten. Mikrochirurgische Ausbildung erhielt ich im Jahr 2007 von der Universit\u00e4t Z\u00fcrich. In 2015, chief resident, I am an associate professor in 2020. Ich diene meinen Patienten in meiner eigenen Klinik aus dem Jahr 2022 in Ankara Universit\u00e4t Medizinische Fakult\u00e4t, Abteilung f\u00fcr Plastische und rekonstruktive Chirurgie und die hohe Spezialisierung in der akademischen ich ziehe weiter mit meinem Leben.<\/p><p>Im Bereich der plastischen Chirurgie, Doppel-Qualifikation dokumentieren, bin ich der Eigent\u00fcmer (tprecd ebopras European certificate of proficiency f\u00fcr die T\u00fcrkei und f\u00fcr die region). In meinem eigenen Gebiet, mehr als 70 nationale und internationale wissenschaftliche arbeiten, mehr als 200 Kongress-die Pr\u00e4sentation und die rund 300 Referenzen sind vorhanden. W\u00e4hrend meiner Karriere im Ausland, darunter mehr als 1.000 erfolgreich durchgef\u00fchrten Operation und mehr als 20.000.<\/p>\t\t\t\t\t\t\t\t<\/div>\n\t\t\t\t<\/div>\n\t\t\t\t<div class=\"elementor-element elementor-element-b429dcc elementor-mobile-align-justify elementor-tablet-align-center elementor-widget elementor-widget-button\" data-id=\"b429dcc\" data-element_type=\"widget\" data-widget_type=\"button.default\">\n\t\t\t\t<div class=\"elementor-widget-container\">\n\t\t\t\t\t\t\t\t\t<div class=\"elementor-button-wrapper\">\n\t\t\t\t\t<a class=\"elementor-button elementor-button-link elementor-size-sm\" href=\"\/de\/tedaviler\/\">\n\t\t\t\t\t\t<span class=\"elementor-button-content-wrapper\">\n\t\t\t\t\t\t<span class=\"elementor-button-icon\">\n\t\t\t\t<i aria-hidden=\"true\" class=\"icon icon-hospital-1\"><\/i>\t\t\t<\/span>\n\t\t\t\t\t\t\t\t\t<span class=\"elementor-button-text\">Unsere Behandlung<\/span>\n\t\t\t\t\t<\/span>\n\t\t\t\t\t<\/a>\n\t\t\t\t<\/div>\n\t\t\t\t\t\t\t\t<\/div>\n\t\t\t\t<\/div>\n\t\t\t\t<\/div>\n\t\t<div class=\"elementor-element elementor-element-4df7c9f0 e-con-full e-flex e-con e-child\" data-id=\"4df7c9f0\" data-element_type=\"container\">\n\t\t\t\t<div class=\"elementor-element elementor-element-7e54260 elementor-widget elementor-widget-image\" data-id=\"7e54260\" data-element_type=\"widget\" data-widget_type=\"image.default\">\n\t\t\t\t<div class=\"elementor-widget-container\">\n\t\t\t\t\t\t\t\t\t\t\t\t\t\t\t<img fetchpriority=\"high\" decoding=\"async\" width=\"908\" height=\"908\" src=\"https:\/\/drkoraygursoy.com\/wp-content\/uploads\/docent-doktor-koray-gursoy-galeri-19-1.jpg\" class=\"attachment-full size-full wp-image-732\" alt=\"\" srcset=\"https:\/\/drkoraygursoy.com\/wp-content\/uploads\/docent-doktor-koray-gursoy-galeri-19-1.jpg 908w, https:\/\/drkoraygursoy.com\/wp-content\/uploads\/docent-doktor-koray-gursoy-galeri-19-1-300x300.jpg 300w, https:\/\/drkoraygursoy.com\/wp-content\/uploads\/docent-doktor-koray-gursoy-galeri-19-1-150x150.jpg 150w, https:\/\/drkoraygursoy.com\/wp-content\/uploads\/docent-doktor-koray-gursoy-galeri-19-1-768x768.jpg 768w, https:\/\/drkoraygursoy.com\/wp-content\/uploads\/docent-doktor-koray-gursoy-galeri-19-1-12x12.jpg 12w\" sizes=\"(max-width: 908px) 100vw, 908px\" \/>\t\t\t\t\t\t\t\t\t\t\t\t\t\t\t<\/div>\n\t\t\t\t<\/div>\n\t\t\t\t<\/div>\n\t\t\t\t\t<\/div>\n\t\t\t\t<\/div>\n\t\t\t\t<\/div>","protected":false},"excerpt":{"rendered":"<p>Do\u00e7. Dr. Koray G\u00fcrsoy Kimdir? 1978 y\u0131l\u0131nda d\u00fcnyaya geldim, Hacettepe \u00fcniversitesinden 2003 y\u0131l\u0131nda mezun oldum. 2004- 2010 Y\u0131llar\u0131 aras\u0131nda Ankara E\u011fitim ve Ara\u015ft\u0131rma Hastanesinde Plastik, Rekonstr\u00fcktif ve Estetik cerrahi alan\u0131nda asistanl\u0131k e\u011fitimi ald\u0131m ve plastik cerrahi uzman\u0131 oldum. 2007 y\u0131l\u0131nda mikrocerrahi e\u011fitimini Z\u00fcrih \u00fcniversitesinden ald\u0131m. 2015 y\u0131l\u0131nda ba\u015fasistan, 2020 y\u0131l\u0131nda do\u00e7ent oldum. 2022 y\u0131l\u0131ndan itibaren [&hellip;]<\/p>","protected":false},"author":1,"featured_media":0,"parent":0,"menu_order":0,"comment_status":"closed","ping_status":"closed","template":"","meta":{"_acf_changed":false,"footnotes":""},"class_list":["post-14","page","type-page","status-publish","hentry"],"acf":[],"_links":{"self":[{"href":"https:\/\/drkoraygursoy.com\/de\/wp-json\/wp\/v2\/pages\/14","targetHints":{"allow":["GET"]}}],"collection":[{"href":"https:\/\/drkoraygursoy.com\/de\/wp-json\/wp\/v2\/pages"}],"about":[{"href":"https:\/\/drkoraygursoy.com\/de\/wp-json\/wp\/v2\/types\/page"}],"author":[{"embeddable":true,"href":"https:\/\/drkoraygursoy.com\/de\/wp-json\/wp\/v2\/users\/1"}],"replies":[{"embeddable":true,"href":"https:\/\/drkoraygursoy.com\/de\/wp-json\/wp\/v2\/comments?post=14"}],"version-history":[{"count":4,"href":"https:\/\/drkoraygursoy.com\/de\/wp-json\/wp\/v2\/pages\/14\/revisions"}],"predecessor-version":[{"id":735,"href":"https:\/\/drkoraygursoy.com\/de\/wp-json\/wp\/v2\/pages\/14\/revisions\/735"}],"wp:attachment":[{"href":"https:\/\/drkoraygursoy.com\/de\/wp-json\/wp\/v2\/media?parent=14"}],"curies":[{"name":"wp","href":"https:\/\/api.w.org\/{rel}","templated":true}]}}